{"id":2113,"date":"2025-11-28T14:02:20","date_gmt":"2025-11-28T13:02:20","guid":{"rendered":"https:\/\/estaciondeautobusesdepamplona.com\/maiz-egiten-diren-galderak\/"},"modified":"2025-12-10T12:23:04","modified_gmt":"2025-12-10T11:23:04","slug":"maiz-egiten-diren-galderak","status":"publish","type":"page","link":"https:\/\/estaciondeautobusesdepamplona.com\/eu\/maiz-egiten-diren-galderak\/","title":{"rendered":"Maiz egiten diren galderak"},"content":{"rendered":"\t\t<div data-elementor-type=\"wp-page\" data-elementor-id=\"2113\" class=\"elementor elementor-2113 elementor-1825\" data-elementor-post-type=\"page\">\n\t\t\t\t\t\t<section class=\"elementor-section elementor-top-section elementor-element elementor-element-c1a20d9 elementor-section-full_width elementor-section-height-default elementor-section-height-default\" data-id=\"c1a20d9\" data-element_type=\"section\" data-e-type=\"section\" data-settings=\"{&quot;background_background&quot;:&quot;classic&quot;}\">\n\t\t\t\t\t\t\t<div class=\"elementor-background-overlay\"><\/div>\n\t\t\t\t\t\t\t<div class=\"elementor-container elementor-column-gap-default\">\n\t\t\t\t\t<div class=\"elementor-column elementor-col-100 elementor-top-column elementor-element elementor-element-f3f73cd\" data-id=\"f3f73cd\" data-element_type=\"column\" data-e-type=\"column\">\n\t\t\t<div class=\"elementor-widget-wrap elementor-element-populated\">\n\t\t\t\t\t\t<div class=\"elementor-element elementor-element-cee107f elementor-widget elementor-widget-spacer\" data-id=\"cee107f\" data-element_type=\"widget\" data-e-type=\"widget\" data-widget_type=\"spacer.default\">\n\t\t\t\t<div class=\"elementor-widget-container\">\n\t\t\t\t\t\t\t<div class=\"elementor-spacer\">\n\t\t\t<div class=\"elementor-spacer-inner\"><\/div>\n\t\t<\/div>\n\t\t\t\t\t\t<\/div>\n\t\t\t\t<\/div>\n\t\t\t\t<div class=\"elementor-element elementor-element-1d83424 elementor-widget elementor-widget-heading\" data-id=\"1d83424\" data-element_type=\"widget\" data-e-type=\"widget\" data-widget_type=\"heading.default\">\n\t\t\t\t<div class=\"elementor-widget-container\">\n\t\t\t\t\t<h1 class=\"elementor-heading-title elementor-size-default\">MAIZ EGITENDIREN GALDERAK<\/h1>\t\t\t\t<\/div>\n\t\t\t\t<\/div>\n\t\t\t\t<div class=\"elementor-element elementor-element-0e248fb elementor-widget elementor-widget-spacer\" data-id=\"0e248fb\" data-element_type=\"widget\" data-e-type=\"widget\" data-widget_type=\"spacer.default\">\n\t\t\t\t<div class=\"elementor-widget-container\">\n\t\t\t\t\t\t\t<div class=\"elementor-spacer\">\n\t\t\t<div class=\"elementor-spacer-inner\"><\/div>\n\t\t<\/div>\n\t\t\t\t\t\t<\/div>\n\t\t\t\t<\/div>\n\t\t\t\t<div class=\"elementor-element elementor-element-b7eb5b4 elementor-align-center elementor-widget elementor-widget-button\" data-id=\"b7eb5b4\" data-element_type=\"widget\" data-e-type=\"widget\" data-widget_type=\"button.default\">\n\t\t\t\t<div class=\"elementor-widget-container\">\n\t\t\t\t\t\t\t\t\t<div class=\"elementor-button-wrapper\">\n\t\t\t\t\t<a class=\"elementor-button elementor-button-link elementor-size-sm\" href=\"#primero\">\n\t\t\t\t\t\t<span class=\"elementor-button-content-wrapper\">\n\t\t\t\t\t\t\t\t\t<span class=\"elementor-button-text\"> <\/span>\n\t\t\t\t\t<\/span>\n\t\t\t\t\t<\/a>\n\t\t\t\t<\/div>\n\t\t\t\t\t\t\t\t<\/div>\n\t\t\t\t<\/div>\n\t\t\t\t<div class=\"elementor-element elementor-element-7ff3518 elementor-widget elementor-widget-spacer\" data-id=\"7ff3518\" data-element_type=\"widget\" data-e-type=\"widget\" data-widget_type=\"spacer.default\">\n\t\t\t\t<div class=\"elementor-widget-container\">\n\t\t\t\t\t\t\t<div class=\"elementor-spacer\">\n\t\t\t<div class=\"elementor-spacer-inner\"><\/div>\n\t\t<\/div>\n\t\t\t\t\t\t<\/div>\n\t\t\t\t<\/div>\n\t\t\t\t\t<\/div>\n\t\t<\/div>\n\t\t\t\t\t<\/div>\n\t\t<\/section>\n\t\t\t\t<section class=\"elementor-section elementor-top-section elementor-element elementor-element-f9fd054 elementor-section-boxed elementor-section-height-default elementor-section-height-default\" data-id=\"f9fd054\" data-element_type=\"section\" data-e-type=\"section\">\n\t\t\t\t\t\t<div class=\"elementor-container elementor-column-gap-default\">\n\t\t\t\t\t<div class=\"elementor-column elementor-col-100 elementor-top-column elementor-element elementor-element-fd0fbed\" data-id=\"fd0fbed\" data-element_type=\"column\" data-e-type=\"column\">\n\t\t\t<div class=\"elementor-widget-wrap elementor-element-populated\">\n\t\t\t\t\t\t<section class=\"elementor-section elementor-inner-section elementor-element elementor-element-da6acf6 elementor-section-boxed elementor-section-height-default elementor-section-height-default\" data-id=\"da6acf6\" data-element_type=\"section\" data-e-type=\"section\">\n\t\t\t\t\t\t<div class=\"elementor-container elementor-column-gap-default\">\n\t\t\t\t\t<div class=\"elementor-column elementor-col-100 elementor-inner-column elementor-element elementor-element-bfb1411\" data-id=\"bfb1411\" data-element_type=\"column\" data-e-type=\"column\">\n\t\t\t<div class=\"elementor-widget-wrap elementor-element-populated\">\n\t\t\t\t\t\t<div class=\"elementor-element elementor-element-6922a22 elementor-widget elementor-widget-text-editor\" data-id=\"6922a22\" data-element_type=\"widget\" data-e-type=\"widget\" data-widget_type=\"text-editor.default\">\n\t\t\t\t<div class=\"elementor-widget-container\">\n\t\t\t\t\t\t\t\t\t<div id=\"faq_title_0\" class=\"faqs-item\">\n<h3 class=\"faqs-title\">Ba al dago taxi-geltokirik?<\/h3>\n<p class=\"faqs-content\">Geltokiak 2 taxi-geltoki ditu, bata geltokiko -2. solairuan kokatua dago, autobus-nasaren ondoan, geltokiaren ordutegira mugatutako erabilera duena.<br \/>Bestdea 0. solairuan dago, geltokiko markesinaren eta hiriko autobus-geltokiaren ondoan.<\/p>\n<\/p><\/div>\n\t\t\t\t\t\t\t\t<\/div>\n\t\t\t\t<\/div>\n\t\t\t\t\t<\/div>\n\t\t<\/div>\n\t\t\t\t\t<\/div>\n\t\t<\/section>\n\t\t\t\t<section class=\"elementor-section elementor-inner-section elementor-element elementor-element-2b2e46d elementor-section-boxed elementor-section-height-default elementor-section-height-default\" data-id=\"2b2e46d\" data-element_type=\"section\" data-e-type=\"section\">\n\t\t\t\t\t\t<div class=\"elementor-container elementor-column-gap-default\">\n\t\t\t\t\t<div class=\"elementor-column elementor-col-100 elementor-inner-column elementor-element elementor-element-e53cc2e\" data-id=\"e53cc2e\" data-element_type=\"column\" data-e-type=\"column\">\n\t\t\t<div class=\"elementor-widget-wrap elementor-element-populated\">\n\t\t\t\t\t\t<div class=\"elementor-element elementor-element-0f42978 elementor-widget elementor-widget-text-editor\" data-id=\"0f42978\" data-element_type=\"widget\" data-e-type=\"widget\" data-widget_type=\"text-editor.default\">\n\t\t\t\t<div class=\"elementor-widget-container\">\n\t\t\t\t\t\t\t\t\t<div>\n<h3>Nola heldu Geltokira?<\/h3>\n<p><a href=\"https:\/\/www.estaciondeautobusesdepamplona.com\/localizacion\/\">Jarraitu esteka Iru\u00f1eko Autobus Geltokira iristeko bidea planifikatzeko.<\/a><\/p>\n<\/p><\/div>\n\t\t\t\t\t\t\t\t<\/div>\n\t\t\t\t<\/div>\n\t\t\t\t\t<\/div>\n\t\t<\/div>\n\t\t\t\t\t<\/div>\n\t\t<\/section>\n\t\t\t\t<section class=\"elementor-section elementor-inner-section elementor-element elementor-element-f85ca33 elementor-section-boxed elementor-section-height-default elementor-section-height-default\" data-id=\"f85ca33\" data-element_type=\"section\" data-e-type=\"section\">\n\t\t\t\t\t\t<div class=\"elementor-container elementor-column-gap-default\">\n\t\t\t\t\t<div class=\"elementor-column elementor-col-100 elementor-inner-column elementor-element elementor-element-c1e7f42\" data-id=\"c1e7f42\" data-element_type=\"column\" data-e-type=\"column\">\n\t\t\t<div class=\"elementor-widget-wrap elementor-element-populated\">\n\t\t\t\t\t\t<div class=\"elementor-element elementor-element-6912c6e elementor-widget elementor-widget-text-editor\" data-id=\"6912c6e\" data-element_type=\"widget\" data-e-type=\"widget\" data-widget_type=\"text-editor.default\">\n\t\t\t\t<div class=\"elementor-widget-container\">\n\t\t\t\t\t\t\t\t\t<div>\n<h3>Zein da Iru\u00f1eko Geltokiaren irekitze-ordutegia?<\/h3>\n<p>Iru\u00f1eko Autobus Geltokia urteko 365 egunetan dago zabalik, 06:30etik 23:00etara, abenduaren 25a eta urtarrilaren 1a izan ezik. <br \/>Ibilgailuen aparkalekua urteko 365 egunetan dago zabalik, 24 orduz.<\/p>\n<\/p><\/div>\n\t\t\t\t\t\t\t\t<\/div>\n\t\t\t\t<\/div>\n\t\t\t\t\t<\/div>\n\t\t<\/div>\n\t\t\t\t\t<\/div>\n\t\t<\/section>\n\t\t\t\t<section class=\"elementor-section elementor-inner-section elementor-element elementor-element-a9ca571 elementor-section-boxed elementor-section-height-default elementor-section-height-default\" data-id=\"a9ca571\" data-element_type=\"section\" data-e-type=\"section\">\n\t\t\t\t\t\t<div class=\"elementor-container elementor-column-gap-default\">\n\t\t\t\t\t<div class=\"elementor-column elementor-col-100 elementor-inner-column elementor-element elementor-element-e4aaabc\" data-id=\"e4aaabc\" data-element_type=\"column\" data-e-type=\"column\">\n\t\t\t<div class=\"elementor-widget-wrap elementor-element-populated\">\n\t\t\t\t\t\t<div class=\"elementor-element elementor-element-e30ad75 elementor-widget elementor-widget-text-editor\" data-id=\"e30ad75\" data-element_type=\"widget\" data-e-type=\"widget\" data-widget_type=\"text-editor.default\">\n\t\t\t\t<div class=\"elementor-widget-container\">\n\t\t\t\t\t\t\t\t\t<div>\n<h3>Non dago Iru\u00f1eko Geltokia?<\/h3>\n<p>Iru\u00f1eko autobus-geltokia hiriko erdigunean dago, Yanguas eta Miranda kaleko 2. zenbakian.<\/p>\n<\/p><\/div>\n\t\t\t\t\t\t\t\t<\/div>\n\t\t\t\t<\/div>\n\t\t\t\t\t<\/div>\n\t\t<\/div>\n\t\t\t\t\t<\/div>\n\t\t<\/section>\n\t\t\t\t<section class=\"elementor-section elementor-inner-section elementor-element elementor-element-fe6e62e elementor-section-boxed elementor-section-height-default elementor-section-height-default\" data-id=\"fe6e62e\" data-element_type=\"section\" data-e-type=\"section\">\n\t\t\t\t\t\t<div class=\"elementor-container elementor-column-gap-default\">\n\t\t\t\t\t<div class=\"elementor-column elementor-col-100 elementor-inner-column elementor-element elementor-element-fb40865\" data-id=\"fb40865\" data-element_type=\"column\" data-e-type=\"column\">\n\t\t\t<div class=\"elementor-widget-wrap elementor-element-populated\">\n\t\t\t\t\t\t<div class=\"elementor-element elementor-element-8ffbfb8 elementor-widget elementor-widget-text-editor\" data-id=\"8ffbfb8\" data-element_type=\"widget\" data-e-type=\"widget\" data-widget_type=\"text-editor.default\">\n\t\t\t\t<div class=\"elementor-widget-container\">\n\t\t\t\t\t\t\t\t\t<h3 class=\"faqs-title\">Non eros ditzaket txartelak?<\/h3>\n<p class=\"faqs-content\">Geltokian bertan, honako konpainia hauen txartelak erosi ahal izango dituzu:<br \/><strong>BURUNDESA, ALSA\/CONDA, PLM, ARTIEDA, ESTELLESA, BILMANBUS, MONBUS ETA INTERBUS.<\/strong><\/p>\n<p><a href=\"https:\/\/www.estaciondeautobusesdepamplona.com\/\">Erosi Txartela<\/a><\/p>\n\t\t\t\t\t\t\t\t<\/div>\n\t\t\t\t<\/div>\n\t\t\t\t\t<\/div>\n\t\t<\/div>\n\t\t\t\t\t<\/div>\n\t\t<\/section>\n\t\t\t\t<section class=\"elementor-section elementor-inner-section elementor-element elementor-element-a2e8266 elementor-section-boxed elementor-section-height-default elementor-section-height-default\" data-id=\"a2e8266\" data-element_type=\"section\" data-e-type=\"section\">\n\t\t\t\t\t\t<div class=\"elementor-container elementor-column-gap-default\">\n\t\t\t\t\t<div class=\"elementor-column elementor-col-100 elementor-inner-column elementor-element elementor-element-3bc7f6c\" data-id=\"3bc7f6c\" data-element_type=\"column\" data-e-type=\"column\">\n\t\t\t<div class=\"elementor-widget-wrap elementor-element-populated\">\n\t\t\t\t\t\t<div class=\"elementor-element elementor-element-eebcc64 elementor-widget elementor-widget-text-editor\" data-id=\"eebcc64\" data-element_type=\"widget\" data-e-type=\"widget\" data-widget_type=\"text-editor.default\">\n\t\t\t\t<div class=\"elementor-widget-container\">\n\t\t\t\t\t\t\t\t\t<div id=\"faq_title_5\" class=\"faqs-item\">\n<h3 class=\"faqs-title\">Non itxaron dezaket autobusari?<\/h3>\n<p class=\"faqs-content\">Nasa ezberdinetan, autobusari itxaroteko tokia eta arlo horretan dauden panel digitaletan informazio guztia aurkituko duzu. Denbora luzez itxaron behar baduzu, itxaroteko aretoan egitera gonbidatzen zaitugu, bertan ere informazio-panelak baitaude.<\/p>\n<\/p><\/div>\n\t\t\t\t\t\t\t\t<\/div>\n\t\t\t\t<\/div>\n\t\t\t\t\t<\/div>\n\t\t<\/div>\n\t\t\t\t\t<\/div>\n\t\t<\/section>\n\t\t\t\t<section class=\"elementor-section elementor-inner-section elementor-element elementor-element-e6888de elementor-section-boxed elementor-section-height-default elementor-section-height-default\" data-id=\"e6888de\" data-element_type=\"section\" data-e-type=\"section\">\n\t\t\t\t\t\t<div class=\"elementor-container elementor-column-gap-default\">\n\t\t\t\t\t<div class=\"elementor-column elementor-col-100 elementor-inner-column elementor-element elementor-element-cea229a\" data-id=\"cea229a\" data-element_type=\"column\" data-e-type=\"column\">\n\t\t\t<div class=\"elementor-widget-wrap elementor-element-populated\">\n\t\t\t\t\t\t<div class=\"elementor-element elementor-element-0d55074 elementor-widget elementor-widget-text-editor\" data-id=\"0d55074\" data-element_type=\"widget\" data-e-type=\"widget\" data-widget_type=\"text-editor.default\">\n\t\t\t\t<div class=\"elementor-widget-container\">\n\t\t\t\t\t\t\t\t\t<div>\n<div>\n<h3>Zer egin dezaket autobusaren zain nagoen bitartean?<\/h3>\n<p>Iru\u00f1eko Autobus Geltokian autobusaren zain zauden bitartean, zerbait edan edo jan dezakezu gure kafetegian edo buelta bat eman gure merkataritza-galerian zehar.<\/p>\n<\/p><\/div>\n<\/p><\/div>\n\t\t\t\t\t\t\t\t<\/div>\n\t\t\t\t<\/div>\n\t\t\t\t\t<\/div>\n\t\t<\/div>\n\t\t\t\t\t<\/div>\n\t\t<\/section>\n\t\t\t\t<section class=\"elementor-section elementor-inner-section elementor-element elementor-element-979a2f2 elementor-section-boxed elementor-section-height-default elementor-section-height-default\" data-id=\"979a2f2\" data-element_type=\"section\" data-e-type=\"section\">\n\t\t\t\t\t\t<div class=\"elementor-container elementor-column-gap-default\">\n\t\t\t\t\t<div class=\"elementor-column elementor-col-100 elementor-inner-column elementor-element elementor-element-9e8f341\" data-id=\"9e8f341\" data-element_type=\"column\" data-e-type=\"column\">\n\t\t\t<div class=\"elementor-widget-wrap elementor-element-populated\">\n\t\t\t\t\t\t<div class=\"elementor-element elementor-element-78485b0 elementor-widget elementor-widget-text-editor\" data-id=\"78485b0\" data-element_type=\"widget\" data-e-type=\"widget\" data-widget_type=\"text-editor.default\">\n\t\t\t\t<div class=\"elementor-widget-container\">\n\t\t\t\t\t\t\t\t\t<div id=\"faq_title_5\" class=\"faqs-item\">\n<div id=\"faq_title_7\" class=\"faqs-item\">\n<h3 class=\"faqs-title\">Ba al dago zaintzarik?<\/h3>\n<p class=\"faqs-content\">Barruko zein kanpoko eremua zainduta daude, telebista-zirkuitu itxi (CCTV) moderno eta oso bati esker, eguneko 24 orduetan. Gainera, segurtasun-zaindari bat dugu eguneko 24 orduetan.<\/p>\n<\/p><\/div>\n<\/p><\/div>\n\t\t\t\t\t\t\t\t<\/div>\n\t\t\t\t<\/div>\n\t\t\t\t\t<\/div>\n\t\t<\/div>\n\t\t\t\t\t<\/div>\n\t\t<\/section>\n\t\t\t\t<section class=\"elementor-section elementor-inner-section elementor-element elementor-element-e234e65 elementor-section-boxed elementor-section-height-default elementor-section-height-default\" data-id=\"e234e65\" data-element_type=\"section\" data-e-type=\"section\">\n\t\t\t\t\t\t<div class=\"elementor-container elementor-column-gap-default\">\n\t\t\t\t\t<div class=\"elementor-column elementor-col-100 elementor-inner-column elementor-element elementor-element-4fbffe6\" data-id=\"4fbffe6\" data-element_type=\"column\" data-e-type=\"column\">\n\t\t\t<div class=\"elementor-widget-wrap elementor-element-populated\">\n\t\t\t\t\t\t<div class=\"elementor-element elementor-element-2149ecb elementor-widget elementor-widget-text-editor\" data-id=\"2149ecb\" data-element_type=\"widget\" data-e-type=\"widget\" data-widget_type=\"text-editor.default\">\n\t\t\t\t<div class=\"elementor-widget-container\">\n\t\t\t\t\t\t\t\t\t<div id=\"faq_title_5\" class=\"faqs-item\">\n<div id=\"faq_title_7\" class=\"faqs-item\">\n<div id=\"faq_title_8\" class=\"faqs-item\">\n<h3 classs=\"faqs-title\">Eta oraindik zalantzak baditut?<\/h3>\n<p class=\"faqs-content\">Mesedez, ez izan zalantzarik gurekin harremanetan jartzeko <a href=\"tel:+034948203566\">948203566<\/a> telefono-zenbakira deituz edo <br \/><a href=\"mailto:info@estaciondeautobusesdepamplona.com\">info@estaciondeautobusesdepamplona.com<\/a> helbidera idatziz.<\/p>\n<\/p><\/div>\n<\/p><\/div>\n<\/p><\/div>\n\t\t\t\t\t\t\t\t<\/div>\n\t\t\t\t<\/div>\n\t\t\t\t\t<\/div>\n\t\t<\/div>\n\t\t\t\t\t<\/div>\n\t\t<\/section>\n\t\t\t\t<section class=\"elementor-section elementor-inner-section elementor-element elementor-element-49d5b57 elementor-section-boxed elementor-section-height-default elementor-section-height-default\" data-id=\"49d5b57\" data-element_type=\"section\" data-e-type=\"section\">\n\t\t\t\t\t\t<div class=\"elementor-container elementor-column-gap-default\">\n\t\t\t\t\t<div class=\"elementor-column elementor-col-100 elementor-inner-column elementor-element elementor-element-f9eae58\" data-id=\"f9eae58\" data-element_type=\"column\" data-e-type=\"column\">\n\t\t\t<div class=\"elementor-widget-wrap elementor-element-populated\">\n\t\t\t\t\t\t<div class=\"elementor-element elementor-element-2ace3ac elementor-widget elementor-widget-text-editor\" data-id=\"2ace3ac\" data-element_type=\"widget\" data-e-type=\"widget\" data-widget_type=\"text-editor.default\">\n\t\t\t\t<div class=\"elementor-widget-container\">\n\t\t\t\t\t\t\t\t\t<div id=\"faq_title_5\" class=\"faqs-item\">\n<div id=\"faq_title_7\" class=\"faqs-item\">\n<div id=\"faq_title_8\" class=\"faqs-item\">\n<div id=\"faq_title_9\" class=\"faqs-item\">\n<h3 class=\"faqs-title\">Zein ibilbide egin ditzaket?<\/h3>\n<p class=\"faqs-content\">Iru\u00f1eko Autobus Geltokian hasiera edo helmuga duten ibilbide guztiak ezagutzeko, <a href=\"https:\/\/www.estaciondeautobusesdepamplona.com\/operadores-y-rutas\/\" target=\"_blank\" rel=\"noopener noreferrer\">Lineak eta ordutegiak<\/a> atala kontsultatu behar duzu.<\/p>\n<\/p><\/div>\n<\/p><\/div>\n<\/p><\/div>\n<\/p><\/div>\n\t\t\t\t\t\t\t\t<\/div>\n\t\t\t\t<\/div>\n\t\t\t\t\t<\/div>\n\t\t<\/div>\n\t\t\t\t\t<\/div>\n\t\t<\/section>\n\t\t\t\t<section class=\"elementor-section elementor-inner-section elementor-element elementor-element-97bf09f elementor-section-boxed elementor-section-height-default elementor-section-height-default\" data-id=\"97bf09f\" data-element_type=\"section\" data-e-type=\"section\">\n\t\t\t\t\t\t<div class=\"elementor-container elementor-column-gap-default\">\n\t\t\t\t\t<div class=\"elementor-column elementor-col-100 elementor-inner-column elementor-element elementor-element-192bce9\" data-id=\"192bce9\" data-element_type=\"column\" data-e-type=\"column\">\n\t\t\t<div class=\"elementor-widget-wrap elementor-element-populated\">\n\t\t\t\t\t\t<div class=\"elementor-element elementor-element-8450c33 elementor-widget elementor-widget-text-editor\" data-id=\"8450c33\" data-element_type=\"widget\" data-e-type=\"widget\" data-widget_type=\"text-editor.default\">\n\t\t\t\t<div class=\"elementor-widget-container\">\n\t\t\t\t\t\t\t\t\t<div id=\"faq_title_5\" class=\"faqs-item\">\n<div id=\"faq_title_7\" class=\"faqs-item\">\n<div id=\"faq_title_8\" class=\"faqs-item\">\n<div id=\"faq_title_10\" class=\"faqs-item\">\n<h3 class=\"faqs-title\">Kotxez sar daiteke Geltokira?<\/h3>\n<p class=\"faqs-content\">Geltokiak 385 plazako aparkalekua du ibilgailua aparkatu ahal izateko, tarifa oso merkeekin eta modalitate desberdinetako abonuekin. <a href=\"https:\/\/www.estaciondeautobusesdepamplona.com\/parking\/\">Kontsultatu gure tarifak eta abonuak.<\/a><\/p>\n<\/p><\/div>\n<\/p><\/div>\n<\/p><\/div>\n<\/p><\/div>\n\t\t\t\t\t\t\t\t<\/div>\n\t\t\t\t<\/div>\n\t\t\t\t\t<\/div>\n\t\t<\/div>\n\t\t\t\t\t<\/div>\n\t\t<\/section>\n\t\t\t\t\t<\/div>\n\t\t<\/div>\n\t\t\t\t\t<\/div>\n\t\t<\/section>\n\t\t\t\t<\/div>\n\t\t","protected":false},"excerpt":{"rendered":"<p>MAIZ EGITENDIREN GALDERAK Ba al dago taxi-geltokirik? Geltokiak 2 taxi-geltoki ditu, bata geltokiko -2. solairuan kokatua dago, autobus-nasaren ondoan, geltokiaren ordutegira mugatutako erabilera duena.Bestdea 0. solairuan dago, geltokiko markesinaren eta hiriko autobus-geltokiaren ondoan. Nola heldu Geltokira? Jarraitu esteka Iru\u00f1eko Autobus Geltokira iristeko bidea planifikatzeko. Zein da Iru\u00f1eko Geltokiaren irekitze-ordutegia? Iru\u00f1eko Autobus Geltokia urteko 365 egunetan [&hellip;]<\/p>\n","protected":false},"author":6,"featured_media":0,"parent":0,"menu_order":0,"comment_status":"closed","ping_status":"closed","template":"","meta":{"footnotes":""},"class_list":["post-2113","page","type-page","status-publish","hentry"],"_links":{"self":[{"href":"https:\/\/estaciondeautobusesdepamplona.com\/eu\/wp-json\/wp\/v2\/pages\/2113","targetHints":{"allow":["GET"]}}],"collection":[{"href":"https:\/\/estaciondeautobusesdepamplona.com\/eu\/wp-json\/wp\/v2\/pages"}],"about":[{"href":"https:\/\/estaciondeautobusesdepamplona.com\/eu\/wp-json\/wp\/v2\/types\/page"}],"author":[{"embeddable":true,"href":"https:\/\/estaciondeautobusesdepamplona.com\/eu\/wp-json\/wp\/v2\/users\/6"}],"replies":[{"embeddable":true,"href":"https:\/\/estaciondeautobusesdepamplona.com\/eu\/wp-json\/wp\/v2\/comments?post=2113"}],"version-history":[{"count":1,"href":"https:\/\/estaciondeautobusesdepamplona.com\/eu\/wp-json\/wp\/v2\/pages\/2113\/revisions"}],"predecessor-version":[{"id":2114,"href":"https:\/\/estaciondeautobusesdepamplona.com\/eu\/wp-json\/wp\/v2\/pages\/2113\/revisions\/2114"}],"wp:attachment":[{"href":"https:\/\/estaciondeautobusesdepamplona.com\/eu\/wp-json\/wp\/v2\/media?parent=2113"}],"curies":[{"name":"wp","href":"https:\/\/api.w.org\/{rel}","templated":true}]}}